{"id":1060,"date":"2018-05-27T17:50:17","date_gmt":"2018-05-27T17:50:17","guid":{"rendered":"http:\/\/scmalcacovas.pt\/home\/?page_id=1060"},"modified":"2018-07-30T15:15:39","modified_gmt":"2018-07-30T15:15:39","slug":"patrimonio","status":"publish","type":"page","link":"http:\/\/scmalcacovas.pt\/home\/irmandade\/patrimonio\/","title":{"rendered":"Patrim\u00f3nio"},"content":{"rendered":"<div id=\"pl-1060\"  class=\"panel-layout\" ><div id=\"pg-1060-0\"  class=\"panel-grid panel-no-style\" ><div id=\"pgc-1060-0-0\"  class=\"panel-grid-cell\" ><div id=\"panel-1060-0-0-0\" class=\"so-panel widget widget_sow-image panel-first-child\" data-index=\"0\" ><div\n\t\t\t\n\t\t\tclass=\"so-widget-sow-image so-widget-sow-image-default-8b5b6f678277-1060\"\n\t\t\t\n\t\t>\n<div class=\"sow-image-container\">\n\t\t<img \n\tsrc=\"http:\/\/scmalcacovas.pt\/home\/wp-content\/uploads\/2018\/03\/Fachada_Edificio.jpg\" width=\"1280\" height=\"600\" srcset=\"http:\/\/scmalcacovas.pt\/home\/wp-content\/uploads\/2018\/03\/Fachada_Edificio.jpg 1280w, http:\/\/scmalcacovas.pt\/home\/wp-content\/uploads\/2018\/03\/Fachada_Edificio-300x141.jpg 300w, http:\/\/scmalcacovas.pt\/home\/wp-content\/uploads\/2018\/03\/Fachada_Edificio-768x360.jpg 768w, http:\/\/scmalcacovas.pt\/home\/wp-content\/uploads\/2018\/03\/Fachada_Edificio-1024x480.jpg 1024w\" sizes=\"(max-width: 1280px) 100vw, 1280px\" alt=\"\" \t\tclass=\"so-widget-image\"\/>\n\t<\/div>\n\n<\/div><\/div><div id=\"panel-1060-0-0-1\" class=\"so-panel widget widget_sow-editor panel-last-child\" data-index=\"1\" ><div\n\t\t\t\n\t\t\tclass=\"so-widget-sow-editor so-widget-sow-editor-base\"\n\t\t\t\n\t\t>\n<div class=\"siteorigin-widget-tinymce textwidget\">\n\t<p style=\"text-align: justify;\">A SCMA disp\u00f5e de um vasto patrim\u00f3nio, testemunho da sua centen\u00e1ria miss\u00e3o, constitu\u00eddo por acervos documentais, religiosos, m\u00e9dico-hospitalares e arquitect\u00f3nico.<\/p>\n<p style=\"text-align: justify;\">Do patrim\u00f3nio arquitect\u00f3nico destacamos a Igreja da Miseric\u00f3rdia, fundada a 10 de Setembro de 1551, conservando no interior uma l\u00e1pide gravada com essa referida data. Do mirante, desta igreja tem-se uma vista privilegiada sobre a Vila de Alc\u00e1\u00e7ovas.<\/p>\n<p style=\"text-align: justify;\">A Igreja de S\u00e3o Francisco, edif\u00edcio cont\u00edguo e comunicante com o edif\u00edcio da \"Casa do Povo\", actualmente Creche da SCMA. Anteriormente denominada como Igreja de S\u00e3o Sebasti\u00e3o, estava associada ao Rossio de S\u00e3o Sebasti\u00e3o, simbolicamente conotado com o saneamento das pragas trazidas pelos forasteiros que chegavam \u00e0 popula\u00e7\u00e3o.<\/p>\n<p style=\"text-align: justify;\">O conjunto de edif\u00edcios da Miseric\u00f3rdia (Igreja. Hospital, Farm\u00e1cia), localizados na Rua Direita, agora Rua Dr. Aleixo de Abreu, constituem os edif\u00edcios fundacionais da Santa Casa da Miseric\u00f3rdia.<\/p>\n<\/div>\n<\/div><\/div><\/div><\/div><\/div>","protected":false},"excerpt":{"rendered":"<p>A SCMA disp\u00f5e de um vasto patrim\u00f3nio, testemunho da sua centen\u00e1ria miss\u00e3o, constitu\u00eddo por acervos documentais, religiosos, m\u00e9dico-hospitalares e arquitect\u00f3nico. [&hellip;]<\/p>\n","protected":false},"author":4,"featured_media":0,"parent":1049,"menu_order":0,"comment_status":"closed","ping_status":"closed","template":"","meta":{"footnotes":""},"class_list":["post-1060","page","type-page","status-publish","hentry"],"_links":{"self":[{"href":"http:\/\/scmalcacovas.pt\/home\/wp-json\/wp\/v2\/pages\/1060","targetHints":{"allow":["GET"]}}],"collection":[{"href":"http:\/\/scmalcacovas.pt\/home\/wp-json\/wp\/v2\/pages"}],"about":[{"href":"http:\/\/scmalcacovas.pt\/home\/wp-json\/wp\/v2\/types\/page"}],"author":[{"embeddable":true,"href":"http:\/\/scmalcacovas.pt\/home\/wp-json\/wp\/v2\/users\/4"}],"replies":[{"embeddable":true,"href":"http:\/\/scmalcacovas.pt\/home\/wp-json\/wp\/v2\/comments?post=1060"}],"version-history":[{"count":14,"href":"http:\/\/scmalcacovas.pt\/home\/wp-json\/wp\/v2\/pages\/1060\/revisions"}],"predecessor-version":[{"id":1486,"href":"http:\/\/scmalcacovas.pt\/home\/wp-json\/wp\/v2\/pages\/1060\/revisions\/1486"}],"up":[{"embeddable":true,"href":"http:\/\/scmalcacovas.pt\/home\/wp-json\/wp\/v2\/pages\/1049"}],"wp:attachment":[{"href":"http:\/\/scmalcacovas.pt\/home\/wp-json\/wp\/v2\/media?parent=1060"}],"curies":[{"name":"wp","href":"https:\/\/api.w.org\/{rel}","templated":true}]}}