{"id":1062,"date":"2018-05-27T17:50:35","date_gmt":"2018-05-27T17:50:35","guid":{"rendered":"http:\/\/scmalcacovas.pt\/home\/?page_id=1062"},"modified":"2018-11-02T16:33:16","modified_gmt":"2018-11-02T16:33:16","slug":"servico-religioso","status":"publish","type":"page","link":"http:\/\/scmalcacovas.pt\/home\/irmandade\/servico-religioso\/","title":{"rendered":"Servi\u00e7o Religioso"},"content":{"rendered":"<div id=\"pl-1062\"  class=\"panel-layout\" ><div id=\"pg-1062-0\"  class=\"panel-grid panel-no-style\" ><div id=\"pgc-1062-0-0\"  class=\"panel-grid-cell\" ><div id=\"panel-1062-0-0-0\" class=\"so-panel widget widget_sow-image panel-first-child\" data-index=\"0\" ><div\n\t\t\t\n\t\t\tclass=\"so-widget-sow-image so-widget-sow-image-default-8b5b6f678277-1062\"\n\t\t\t\n\t\t>\n<div class=\"sow-image-container\">\n\t\t<img \n\tsrc=\"http:\/\/scmalcacovas.pt\/home\/wp-content\/uploads\/2018\/07\/servico_religioso.jpg\" width=\"1240\" height=\"591\" srcset=\"http:\/\/scmalcacovas.pt\/home\/wp-content\/uploads\/2018\/07\/servico_religioso.jpg 1240w, http:\/\/scmalcacovas.pt\/home\/wp-content\/uploads\/2018\/07\/servico_religioso-300x143.jpg 300w, http:\/\/scmalcacovas.pt\/home\/wp-content\/uploads\/2018\/07\/servico_religioso-768x366.jpg 768w, http:\/\/scmalcacovas.pt\/home\/wp-content\/uploads\/2018\/07\/servico_religioso-1024x488.jpg 1024w\" sizes=\"(max-width: 1240px) 100vw, 1240px\" alt=\"\" \t\tclass=\"so-widget-image\"\/>\n\t<\/div>\n\n<\/div><\/div><div id=\"panel-1062-0-0-1\" class=\"so-panel widget widget_sow-editor\" data-index=\"1\" ><div\n\t\t\t\n\t\t\tclass=\"so-widget-sow-editor so-widget-sow-editor-base\"\n\t\t\t\n\t\t><h3 class=\"widget-title\">Prociss\u00e3o do Senhor Morto<\/h3>\n<div class=\"siteorigin-widget-tinymce textwidget\">\n\t<p align=\"justify\">Sendo uma tradi\u00e7\u00e3o secular conferida pelo Compromisso desta Irmandade a realiza\u00e7\u00e3o das cerim\u00f3nias lit\u00fargicas da Semana Santa, quis esta Mesa Administrativa retomar uma jubilosa express\u00e3o de f\u00e9 com a realiza\u00e7\u00e3o da Prociss\u00e3o do Senhor Morto, em sexta-feira Santa, extinta h\u00e1 mais de meio s\u00e9culo na nossa comunidade Paroquial.<\/p>\n<p align=\"justify\">A prociss\u00e3o do Senhor Morto, acto religioso estabelecido em Portugal, nos s\u00e9culos XV e XVI, passou a integrar as celebra\u00e7\u00f5es tradicionais da Semana Santa como um dos momentos altos do Tr\u00edduo Pascal, o tempo em que se comemora a Paix\u00e3o de Cristo desde a sua entrada messi\u00e2nica em Jerusal\u00e9m at\u00e9 a crucific\u00e7\u00e3o e morte de Jesus na cruz. Foi assim que no passado dia 30 de Mar\u00e7o, saiu a rua a Prociss\u00e3o do Senhor Morto, onde envolvido pelo sil\u00eancio e a luz das tochas e das velas, os fi\u00e9is fizeram todo um caminho de penitencia e ora\u00e7\u00e3o na contempla\u00e7\u00e3o da Paix\u00e3o do Senhor Jesus.<\/p>\n<p align=\"justify\"><a name=\"_GoBack\"><\/a>Na resposta de t\u00e3o jubilosa participa\u00e7\u00e3o dos Irm\u00e3os e demais fieis a Irmandade da Santa Casa continuar\u00e1 a promover de futuro a Prociss\u00e3o em honra ao Senhor Morto.<\/p>\n<\/div>\n<\/div><\/div><div id=\"panel-1062-0-0-2\" class=\"so-panel widget widget_media_gallery panel-last-child\" data-index=\"2\" ><div id='gallery-1' class='gallery galleryid-0 gallery-columns-3 gallery-size-thumbnail'><figure class='gallery-item'>\n\t\t\t<div class='gallery-icon landscape'>\n\t\t\t\t<a href='http:\/\/scmalcacovas.pt\/home\/irmandade\/servico-religioso\/20180330_211300\/'><img loading=\"lazy\" decoding=\"async\" width=\"150\" height=\"150\" src=\"http:\/\/scmalcacovas.pt\/home\/wp-content\/uploads\/2018\/11\/20180330_211300-150x150.jpg\" class=\"attachment-thumbnail size-thumbnail\" alt=\"\" srcset=\"http:\/\/scmalcacovas.pt\/home\/wp-content\/uploads\/2018\/11\/20180330_211300-150x150.jpg 150w, http:\/\/scmalcacovas.pt\/home\/wp-content\/uploads\/2018\/11\/20180330_211300-300x300.jpg 300w\" sizes=\"auto, (max-width: 150px) 100vw, 150px\" \/><\/a>\n\t\t\t<\/div><\/figure><figure class='gallery-item'>\n\t\t\t<div class='gallery-icon landscape'>\n\t\t\t\t<a href='http:\/\/scmalcacovas.pt\/home\/irmandade\/servico-religioso\/20180330_211304\/'><img loading=\"lazy\" decoding=\"async\" width=\"150\" height=\"150\" src=\"http:\/\/scmalcacovas.pt\/home\/wp-content\/uploads\/2018\/11\/20180330_211304-150x150.jpg\" class=\"attachment-thumbnail size-thumbnail\" alt=\"\" srcset=\"http:\/\/scmalcacovas.pt\/home\/wp-content\/uploads\/2018\/11\/20180330_211304-150x150.jpg 150w, http:\/\/scmalcacovas.pt\/home\/wp-content\/uploads\/2018\/11\/20180330_211304-300x300.jpg 300w\" sizes=\"auto, (max-width: 150px) 100vw, 150px\" \/><\/a>\n\t\t\t<\/div><\/figure><figure class='gallery-item'>\n\t\t\t<div class='gallery-icon portrait'>\n\t\t\t\t<a href='http:\/\/scmalcacovas.pt\/home\/irmandade\/servico-religioso\/20180330_211524\/'><img loading=\"lazy\" decoding=\"async\" width=\"150\" height=\"150\" src=\"http:\/\/scmalcacovas.pt\/home\/wp-content\/uploads\/2018\/11\/20180330_211524-e1541176345289-150x150.jpg\" class=\"attachment-thumbnail size-thumbnail\" alt=\"\" srcset=\"http:\/\/scmalcacovas.pt\/home\/wp-content\/uploads\/2018\/11\/20180330_211524-e1541176345289-150x150.jpg 150w, http:\/\/scmalcacovas.pt\/home\/wp-content\/uploads\/2018\/11\/20180330_211524-e1541176345289-300x300.jpg 300w\" sizes=\"auto, (max-width: 150px) 100vw, 150px\" \/><\/a>\n\t\t\t<\/div><\/figure><figure class='gallery-item'>\n\t\t\t<div class='gallery-icon portrait'>\n\t\t\t\t<a href='http:\/\/scmalcacovas.pt\/home\/irmandade\/servico-religioso\/20180330_211839\/'><img loading=\"lazy\" decoding=\"async\" width=\"150\" height=\"150\" src=\"http:\/\/scmalcacovas.pt\/home\/wp-content\/uploads\/2018\/11\/20180330_211839-e1541176362675-150x150.jpg\" class=\"attachment-thumbnail size-thumbnail\" alt=\"\" srcset=\"http:\/\/scmalcacovas.pt\/home\/wp-content\/uploads\/2018\/11\/20180330_211839-e1541176362675-150x150.jpg 150w, http:\/\/scmalcacovas.pt\/home\/wp-content\/uploads\/2018\/11\/20180330_211839-e1541176362675-300x300.jpg 300w\" sizes=\"auto, (max-width: 150px) 100vw, 150px\" \/><\/a>\n\t\t\t<\/div><\/figure><figure class='gallery-item'>\n\t\t\t<div class='gallery-icon landscape'>\n\t\t\t\t<a href='http:\/\/scmalcacovas.pt\/home\/irmandade\/servico-religioso\/20180330_212940\/'><img loading=\"lazy\" decoding=\"async\" width=\"150\" height=\"150\" src=\"http:\/\/scmalcacovas.pt\/home\/wp-content\/uploads\/2018\/11\/20180330_212940-150x150.jpg\" class=\"attachment-thumbnail size-thumbnail\" alt=\"\" srcset=\"http:\/\/scmalcacovas.pt\/home\/wp-content\/uploads\/2018\/11\/20180330_212940-150x150.jpg 150w, http:\/\/scmalcacovas.pt\/home\/wp-content\/uploads\/2018\/11\/20180330_212940-300x300.jpg 300w\" sizes=\"auto, (max-width: 150px) 100vw, 150px\" \/><\/a>\n\t\t\t<\/div><\/figure><figure class='gallery-item'>\n\t\t\t<div class='gallery-icon landscape'>\n\t\t\t\t<a href='http:\/\/scmalcacovas.pt\/home\/irmandade\/servico-religioso\/20180330_213045\/'><img loading=\"lazy\" decoding=\"async\" width=\"150\" height=\"150\" src=\"http:\/\/scmalcacovas.pt\/home\/wp-content\/uploads\/2018\/11\/20180330_213045-150x150.jpg\" class=\"attachment-thumbnail size-thumbnail\" alt=\"\" srcset=\"http:\/\/scmalcacovas.pt\/home\/wp-content\/uploads\/2018\/11\/20180330_213045-150x150.jpg 150w, http:\/\/scmalcacovas.pt\/home\/wp-content\/uploads\/2018\/11\/20180330_213045-300x300.jpg 300w\" sizes=\"auto, (max-width: 150px) 100vw, 150px\" \/><\/a>\n\t\t\t<\/div><\/figure><figure class='gallery-item'>\n\t\t\t<div class='gallery-icon portrait'>\n\t\t\t\t<a href='http:\/\/scmalcacovas.pt\/home\/irmandade\/servico-religioso\/20180330_213102\/'><img loading=\"lazy\" decoding=\"async\" width=\"150\" height=\"150\" src=\"http:\/\/scmalcacovas.pt\/home\/wp-content\/uploads\/2018\/11\/20180330_213102-e1541176290759-150x150.jpg\" class=\"attachment-thumbnail size-thumbnail\" alt=\"\" srcset=\"http:\/\/scmalcacovas.pt\/home\/wp-content\/uploads\/2018\/11\/20180330_213102-e1541176290759-150x150.jpg 150w, http:\/\/scmalcacovas.pt\/home\/wp-content\/uploads\/2018\/11\/20180330_213102-e1541176290759-300x300.jpg 300w\" sizes=\"auto, (max-width: 150px) 100vw, 150px\" \/><\/a>\n\t\t\t<\/div><\/figure><figure class='gallery-item'>\n\t\t\t<div class='gallery-icon portrait'>\n\t\t\t\t<a href='http:\/\/scmalcacovas.pt\/home\/irmandade\/servico-religioso\/20180330_213509\/'><img loading=\"lazy\" decoding=\"async\" width=\"150\" height=\"150\" src=\"http:\/\/scmalcacovas.pt\/home\/wp-content\/uploads\/2018\/11\/20180330_213509-e1541176242368-150x150.jpg\" class=\"attachment-thumbnail size-thumbnail\" alt=\"\" srcset=\"http:\/\/scmalcacovas.pt\/home\/wp-content\/uploads\/2018\/11\/20180330_213509-e1541176242368-150x150.jpg 150w, http:\/\/scmalcacovas.pt\/home\/wp-content\/uploads\/2018\/11\/20180330_213509-e1541176242368-300x300.jpg 300w\" sizes=\"auto, (max-width: 150px) 100vw, 150px\" \/><\/a>\n\t\t\t<\/div><\/figure><figure class='gallery-item'>\n\t\t\t<div class='gallery-icon portrait'>\n\t\t\t\t<a href='http:\/\/scmalcacovas.pt\/home\/irmandade\/servico-religioso\/20180330_213657\/'><img loading=\"lazy\" decoding=\"async\" width=\"150\" height=\"150\" src=\"http:\/\/scmalcacovas.pt\/home\/wp-content\/uploads\/2018\/11\/20180330_213657-e1541176179852-150x150.jpg\" class=\"attachment-thumbnail size-thumbnail\" alt=\"\" srcset=\"http:\/\/scmalcacovas.pt\/home\/wp-content\/uploads\/2018\/11\/20180330_213657-e1541176179852-150x150.jpg 150w, http:\/\/scmalcacovas.pt\/home\/wp-content\/uploads\/2018\/11\/20180330_213657-e1541176179852-300x300.jpg 300w\" sizes=\"auto, (max-width: 150px) 100vw, 150px\" \/><\/a>\n\t\t\t<\/div><\/figure><figure class='gallery-item'>\n\t\t\t<div class='gallery-icon portrait'>\n\t\t\t\t<a href='http:\/\/scmalcacovas.pt\/home\/irmandade\/servico-religioso\/20180330_213713\/'><img loading=\"lazy\" decoding=\"async\" width=\"150\" height=\"150\" src=\"http:\/\/scmalcacovas.pt\/home\/wp-content\/uploads\/2018\/11\/20180330_213713-e1541176150558-150x150.jpg\" class=\"attachment-thumbnail size-thumbnail\" alt=\"\" srcset=\"http:\/\/scmalcacovas.pt\/home\/wp-content\/uploads\/2018\/11\/20180330_213713-e1541176150558-150x150.jpg 150w, http:\/\/scmalcacovas.pt\/home\/wp-content\/uploads\/2018\/11\/20180330_213713-e1541176150558-300x300.jpg 300w\" sizes=\"auto, (max-width: 150px) 100vw, 150px\" \/><\/a>\n\t\t\t<\/div><\/figure><figure class='gallery-item'>\n\t\t\t<div class='gallery-icon landscape'>\n\t\t\t\t<a href='http:\/\/scmalcacovas.pt\/home\/irmandade\/servico-religioso\/20180330_222309\/'><img loading=\"lazy\" decoding=\"async\" width=\"150\" height=\"150\" src=\"http:\/\/scmalcacovas.pt\/home\/wp-content\/uploads\/2018\/11\/20180330_222309-150x150.jpg\" class=\"attachment-thumbnail size-thumbnail\" alt=\"\" srcset=\"http:\/\/scmalcacovas.pt\/home\/wp-content\/uploads\/2018\/11\/20180330_222309-150x150.jpg 150w, http:\/\/scmalcacovas.pt\/home\/wp-content\/uploads\/2018\/11\/20180330_222309-300x300.jpg 300w\" sizes=\"auto, (max-width: 150px) 100vw, 150px\" \/><\/a>\n\t\t\t<\/div><\/figure><figure class='gallery-item'>\n\t\t\t<div class='gallery-icon landscape'>\n\t\t\t\t<a href='http:\/\/scmalcacovas.pt\/home\/irmandade\/servico-religioso\/20180330_222318\/'><img loading=\"lazy\" decoding=\"async\" width=\"150\" height=\"150\" src=\"http:\/\/scmalcacovas.pt\/home\/wp-content\/uploads\/2018\/11\/20180330_222318-150x150.jpg\" class=\"attachment-thumbnail size-thumbnail\" alt=\"\" srcset=\"http:\/\/scmalcacovas.pt\/home\/wp-content\/uploads\/2018\/11\/20180330_222318-150x150.jpg 150w, http:\/\/scmalcacovas.pt\/home\/wp-content\/uploads\/2018\/11\/20180330_222318-300x300.jpg 300w\" sizes=\"auto, (max-width: 150px) 100vw, 150px\" \/><\/a>\n\t\t\t<\/div><\/figure><figure class='gallery-item'>\n\t\t\t<div class='gallery-icon portrait'>\n\t\t\t\t<a href='http:\/\/scmalcacovas.pt\/home\/irmandade\/servico-religioso\/20180330_223036\/'><img loading=\"lazy\" decoding=\"async\" width=\"150\" height=\"150\" src=\"http:\/\/scmalcacovas.pt\/home\/wp-content\/uploads\/2018\/11\/20180330_223036-e1541176314137-150x150.jpg\" class=\"attachment-thumbnail size-thumbnail\" alt=\"\" srcset=\"http:\/\/scmalcacovas.pt\/home\/wp-content\/uploads\/2018\/11\/20180330_223036-e1541176314137-150x150.jpg 150w, http:\/\/scmalcacovas.pt\/home\/wp-content\/uploads\/2018\/11\/20180330_223036-e1541176314137-300x300.jpg 300w\" sizes=\"auto, (max-width: 150px) 100vw, 150px\" \/><\/a>\n\t\t\t<\/div><\/figure>\n\t\t<\/div>\n<\/div><\/div><\/div><\/div>","protected":false},"excerpt":{"rendered":"<p>Sendo uma tradi\u00e7\u00e3o secular conferida pelo Compromisso desta Irmandade a realiza\u00e7\u00e3o das cerim\u00f3nias lit\u00fargicas da Semana Santa, quis esta Mesa [&hellip;]<\/p>\n","protected":false},"author":4,"featured_media":0,"parent":1049,"menu_order":0,"comment_status":"closed","ping_status":"closed","template":"","meta":{"footnotes":""},"class_list":["post-1062","page","type-page","status-publish","hentry"],"_links":{"self":[{"href":"http:\/\/scmalcacovas.pt\/home\/wp-json\/wp\/v2\/pages\/1062","targetHints":{"allow":["GET"]}}],"collection":[{"href":"http:\/\/scmalcacovas.pt\/home\/wp-json\/wp\/v2\/pages"}],"about":[{"href":"http:\/\/scmalcacovas.pt\/home\/wp-json\/wp\/v2\/types\/page"}],"author":[{"embeddable":true,"href":"http:\/\/scmalcacovas.pt\/home\/wp-json\/wp\/v2\/users\/4"}],"replies":[{"embeddable":true,"href":"http:\/\/scmalcacovas.pt\/home\/wp-json\/wp\/v2\/comments?post=1062"}],"version-history":[{"count":9,"href":"http:\/\/scmalcacovas.pt\/home\/wp-json\/wp\/v2\/pages\/1062\/revisions"}],"predecessor-version":[{"id":1552,"href":"http:\/\/scmalcacovas.pt\/home\/wp-json\/wp\/v2\/pages\/1062\/revisions\/1552"}],"up":[{"embeddable":true,"href":"http:\/\/scmalcacovas.pt\/home\/wp-json\/wp\/v2\/pages\/1049"}],"wp:attachment":[{"href":"http:\/\/scmalcacovas.pt\/home\/wp-json\/wp\/v2\/media?parent=1062"}],"curies":[{"name":"wp","href":"https:\/\/api.w.org\/{rel}","templated":true}]}}