{"id":297,"date":"2018-03-12T19:48:57","date_gmt":"2018-03-12T19:48:57","guid":{"rendered":"http:\/\/scmalcacovas.pt\/home\/?page_id=297"},"modified":"2018-07-14T13:15:54","modified_gmt":"2018-07-14T13:15:54","slug":"cantina-social","status":"publish","type":"page","link":"http:\/\/scmalcacovas.pt\/home\/respostas-sociais\/cantina-social\/","title":{"rendered":"Cantina Social"},"content":{"rendered":"<div id=\"pl-297\"  class=\"panel-layout\" ><div id=\"pg-297-0\"  class=\"panel-grid panel-no-style\" ><div id=\"pgc-297-0-0\"  class=\"panel-grid-cell\" ><div id=\"panel-297-0-0-0\" class=\"so-panel widget widget_sow-image panel-first-child\" data-index=\"0\" ><div class=\"panel-widget-style panel-widget-style-for-297-0-0-0\" ><div\n\t\t\t\n\t\t\tclass=\"so-widget-sow-image so-widget-sow-image-default-8b5b6f678277-297\"\n\t\t\t\n\t\t>\n<div class=\"sow-image-container\">\n\t\t<img \n\tsrc=\"http:\/\/scmalcacovas.pt\/home\/wp-content\/uploads\/2018\/07\/cantina_social_1.jpg\" width=\"1243\" height=\"592\" srcset=\"http:\/\/scmalcacovas.pt\/home\/wp-content\/uploads\/2018\/07\/cantina_social_1.jpg 1243w, http:\/\/scmalcacovas.pt\/home\/wp-content\/uploads\/2018\/07\/cantina_social_1-300x143.jpg 300w, http:\/\/scmalcacovas.pt\/home\/wp-content\/uploads\/2018\/07\/cantina_social_1-768x366.jpg 768w, http:\/\/scmalcacovas.pt\/home\/wp-content\/uploads\/2018\/07\/cantina_social_1-1024x488.jpg 1024w\" sizes=\"(max-width: 1243px) 100vw, 1243px\" alt=\"\" \t\tclass=\"so-widget-image\"\/>\n\t<\/div>\n\n<\/div><\/div><\/div><div id=\"panel-297-0-0-1\" class=\"so-panel widget widget_sow-editor panel-last-child\" data-index=\"1\" ><div class=\"panel-widget-style panel-widget-style-for-297-0-0-1\" ><div\n\t\t\t\n\t\t\tclass=\"so-widget-sow-editor so-widget-sow-editor-base\"\n\t\t\t\n\t\t>\n<div class=\"siteorigin-widget-tinymce textwidget\">\n\t<p style=\"text-align: justify;\" align=\"JUSTIFY\">A CS - Cantina Social insere-se na Rede Solid\u00e1ria das Cantinas Sociais e constitui-se como uma resposta de interven\u00e7\u00e3o no \u00e2mbito do Programa de Emerg\u00eancia Alimentar, que tem como objetivo suprir as necessidades alimentares dos indiv\u00edduos e fam\u00edlias em situa\u00e7\u00e3o de vulnerabilidade socioecon\u00f3mica, atrav\u00e9s da disponibiliza\u00e7\u00e3o de refei\u00e7\u00f5es.<\/p>\n<p style=\"text-align: justify;\" align=\"JUSTIFY\">Esta resposta de interven\u00e7\u00e3o \u00e9 um meio de garantir \u00e0s pessoas e\/ou fam\u00edlias acesso \u00e0s refei\u00e7\u00f5es, independentemente do seu consumo ser efetuado no domicilio, ou, excecionalmente, em meio institucional.<\/p>\n<\/div>\n<\/div><\/div><\/div><\/div><\/div><\/div>","protected":false},"excerpt":{"rendered":"<p>A CS &#8211; Cantina Social insere-se na Rede Solid\u00e1ria das Cantinas Sociais e constitui-se como uma resposta de interven\u00e7\u00e3o no [&hellip;]<\/p>\n","protected":false},"author":1,"featured_media":0,"parent":454,"menu_order":0,"comment_status":"closed","ping_status":"closed","template":"","meta":{"footnotes":""},"class_list":["post-297","page","type-page","status-publish","hentry"],"_links":{"self":[{"href":"http:\/\/scmalcacovas.pt\/home\/wp-json\/wp\/v2\/pages\/297","targetHints":{"allow":["GET"]}}],"collection":[{"href":"http:\/\/scmalcacovas.pt\/home\/wp-json\/wp\/v2\/pages"}],"about":[{"href":"http:\/\/scmalcacovas.pt\/home\/wp-json\/wp\/v2\/types\/page"}],"author":[{"embeddable":true,"href":"http:\/\/scmalcacovas.pt\/home\/wp-json\/wp\/v2\/users\/1"}],"replies":[{"embeddable":true,"href":"http:\/\/scmalcacovas.pt\/home\/wp-json\/wp\/v2\/comments?post=297"}],"version-history":[{"count":13,"href":"http:\/\/scmalcacovas.pt\/home\/wp-json\/wp\/v2\/pages\/297\/revisions"}],"predecessor-version":[{"id":1247,"href":"http:\/\/scmalcacovas.pt\/home\/wp-json\/wp\/v2\/pages\/297\/revisions\/1247"}],"up":[{"embeddable":true,"href":"http:\/\/scmalcacovas.pt\/home\/wp-json\/wp\/v2\/pages\/454"}],"wp:attachment":[{"href":"http:\/\/scmalcacovas.pt\/home\/wp-json\/wp\/v2\/media?parent=297"}],"curies":[{"name":"wp","href":"https:\/\/api.w.org\/{rel}","templated":true}]}}