{"id":301,"date":"2018-03-12T19:50:12","date_gmt":"2018-03-12T19:50:12","guid":{"rendered":"http:\/\/scmalcacovas.pt\/home\/?page_id=301"},"modified":"2018-07-14T13:14:54","modified_gmt":"2018-07-14T13:14:54","slug":"centro-de-dia","status":"publish","type":"page","link":"http:\/\/scmalcacovas.pt\/home\/respostas-sociais\/centro-de-dia\/","title":{"rendered":"Centro de Dia"},"content":{"rendered":"<div id=\"pl-301\"  class=\"panel-layout\" ><div id=\"pg-301-0\"  class=\"panel-grid panel-no-style\" ><div id=\"pgc-301-0-0\"  class=\"panel-grid-cell\" ><div id=\"panel-301-0-0-0\" class=\"so-panel widget widget_sow-image panel-first-child\" data-index=\"0\" ><div class=\"panel-widget-style panel-widget-style-for-301-0-0-0\" ><div\n\t\t\t\n\t\t\tclass=\"so-widget-sow-image so-widget-sow-image-default-8b5b6f678277-301\"\n\t\t\t\n\t\t>\n<div class=\"sow-image-container\">\n\t\t<img \n\tsrc=\"http:\/\/scmalcacovas.pt\/home\/wp-content\/uploads\/2018\/07\/centro_dia_1.jpg\" width=\"1242\" height=\"592\" srcset=\"http:\/\/scmalcacovas.pt\/home\/wp-content\/uploads\/2018\/07\/centro_dia_1.jpg 1242w, http:\/\/scmalcacovas.pt\/home\/wp-content\/uploads\/2018\/07\/centro_dia_1-300x143.jpg 300w, http:\/\/scmalcacovas.pt\/home\/wp-content\/uploads\/2018\/07\/centro_dia_1-768x366.jpg 768w, http:\/\/scmalcacovas.pt\/home\/wp-content\/uploads\/2018\/07\/centro_dia_1-1024x488.jpg 1024w\" sizes=\"(max-width: 1242px) 100vw, 1242px\" alt=\"\" \t\tclass=\"so-widget-image\"\/>\n\t<\/div>\n\n<\/div><\/div><\/div><div id=\"panel-301-0-0-1\" class=\"so-panel widget widget_sow-editor panel-last-child\" data-index=\"1\" ><div\n\t\t\t\n\t\t\tclass=\"so-widget-sow-editor so-widget-sow-editor-base\"\n\t\t\t\n\t\t>\n<div class=\"siteorigin-widget-tinymce textwidget\">\n\t<p style=\"text-align: justify;\" align=\"JUSTIFY\">O CD - Centro de Dia \u00e9 uma resposta social da Santa Casa da Miseric\u00f3rdia de Alc\u00e1\u00e7ovas com capacidade para 14 utentes, que funciona durante o dia, entre as 08h e as 20h e que presta um conjunto de servi\u00e7os que visam contribuir para a manuten\u00e7\u00e3o dos idosos no seu meio sociofamiliar. O Centro de Dia funciona nos espa\u00e7os comuns da resposta social ERPI e presta o servi\u00e7o de alimenta\u00e7\u00e3o, os cuidados de higiene e conforto, o tratamento de roupa, os cuidados b\u00e1sicos de sa\u00fade, incluindo fisioterapia, as atividades de anima\u00e7\u00e3o, conv\u00edvio e apoio psicossocial.<\/p>\n<\/div>\n<\/div><\/div><\/div><\/div><\/div>","protected":false},"excerpt":{"rendered":"<p>O CD &#8211; Centro de Dia \u00e9 uma resposta social da Santa Casa da Miseric\u00f3rdia de Alc\u00e1\u00e7ovas com capacidade para [&hellip;]<\/p>\n","protected":false},"author":1,"featured_media":0,"parent":454,"menu_order":0,"comment_status":"closed","ping_status":"closed","template":"","meta":{"footnotes":""},"class_list":["post-301","page","type-page","status-publish","hentry"],"_links":{"self":[{"href":"http:\/\/scmalcacovas.pt\/home\/wp-json\/wp\/v2\/pages\/301","targetHints":{"allow":["GET"]}}],"collection":[{"href":"http:\/\/scmalcacovas.pt\/home\/wp-json\/wp\/v2\/pages"}],"about":[{"href":"http:\/\/scmalcacovas.pt\/home\/wp-json\/wp\/v2\/types\/page"}],"author":[{"embeddable":true,"href":"http:\/\/scmalcacovas.pt\/home\/wp-json\/wp\/v2\/users\/1"}],"replies":[{"embeddable":true,"href":"http:\/\/scmalcacovas.pt\/home\/wp-json\/wp\/v2\/comments?post=301"}],"version-history":[{"count":7,"href":"http:\/\/scmalcacovas.pt\/home\/wp-json\/wp\/v2\/pages\/301\/revisions"}],"predecessor-version":[{"id":1241,"href":"http:\/\/scmalcacovas.pt\/home\/wp-json\/wp\/v2\/pages\/301\/revisions\/1241"}],"up":[{"embeddable":true,"href":"http:\/\/scmalcacovas.pt\/home\/wp-json\/wp\/v2\/pages\/454"}],"wp:attachment":[{"href":"http:\/\/scmalcacovas.pt\/home\/wp-json\/wp\/v2\/media?parent=301"}],"curies":[{"name":"wp","href":"https:\/\/api.w.org\/{rel}","templated":true}]}}