{"id":303,"date":"2018-03-12T19:52:39","date_gmt":"2018-03-12T19:52:39","guid":{"rendered":"http:\/\/scmalcacovas.pt\/home\/?page_id=303"},"modified":"2018-07-14T13:15:44","modified_gmt":"2018-07-14T13:15:44","slug":"creche","status":"publish","type":"page","link":"http:\/\/scmalcacovas.pt\/home\/respostas-sociais\/creche\/","title":{"rendered":"Creche"},"content":{"rendered":"<div id=\"pl-303\"  class=\"panel-layout\" ><div id=\"pg-303-0\"  class=\"panel-grid panel-no-style\" ><div id=\"pgc-303-0-0\"  class=\"panel-grid-cell\" ><div id=\"panel-303-0-0-0\" class=\"so-panel widget widget_sow-image panel-first-child\" data-index=\"0\" ><div class=\"panel-widget-style panel-widget-style-for-303-0-0-0\" ><div\n\t\t\t\n\t\t\tclass=\"so-widget-sow-image so-widget-sow-image-default-8b5b6f678277-303\"\n\t\t\t\n\t\t>\n<div class=\"sow-image-container\">\n\t\t<img \n\tsrc=\"http:\/\/scmalcacovas.pt\/home\/wp-content\/uploads\/2018\/03\/creche.jpg\" width=\"1280\" height=\"500\" srcset=\"http:\/\/scmalcacovas.pt\/home\/wp-content\/uploads\/2018\/03\/creche.jpg 1280w, http:\/\/scmalcacovas.pt\/home\/wp-content\/uploads\/2018\/03\/creche-300x117.jpg 300w, http:\/\/scmalcacovas.pt\/home\/wp-content\/uploads\/2018\/03\/creche-768x300.jpg 768w, http:\/\/scmalcacovas.pt\/home\/wp-content\/uploads\/2018\/03\/creche-1024x400.jpg 1024w\" sizes=\"(max-width: 1280px) 100vw, 1280px\" alt=\"\" \t\tclass=\"so-widget-image\"\/>\n\t<\/div>\n\n<\/div><\/div><\/div><div id=\"panel-303-0-0-1\" class=\"so-panel widget widget_sow-editor panel-last-child\" data-index=\"1\" ><div\n\t\t\t\n\t\t\tclass=\"so-widget-sow-editor so-widget-sow-editor-base\"\n\t\t\t\n\t\t>\n<div class=\"siteorigin-widget-tinymce textwidget\">\n\t<p style=\"text-align: justify;\" align=\"JUSTIFY\">A Creche \u00e9 um equipamento de natureza socioeducativa, vocacionado para o apoio \u00e0 fam\u00edlia e \u00e0 crian\u00e7a, destinado a acolher crian\u00e7as at\u00e9 aos 3 anos de idade, durante o per\u00edodo do correspondente ao impedimento dos pais ou de quem exer\u00e7a as responsabilidades parentais.<\/p>\n<p style=\"text-align: justify;\" align=\"JUSTIFY\">S\u00e3o objetivos da creche facilitar a concilia\u00e7\u00e3o da vida familiar e profissional do agregado familiar; colaborar com a fam\u00edlia numa partilha de cuidados e responsabilidades em todo o processo evolutivo da crian\u00e7a; assegurar um atendimento individual e personalizado em fun\u00e7\u00e3o das necessidades espec\u00edficas de cada crian\u00e7a; prevenir e despistar precocemente qualquer inadapta\u00e7\u00e3o, defici\u00eancia ou situa\u00e7\u00e3o de risco, assegurando o encaminhamento mais adequado; proporcionar condi\u00e7\u00f5es para o desenvolvimento integral da crian\u00e7a, num ambiente de seguran\u00e7a f\u00edsica e afetiva; e promover a articula\u00e7\u00e3o com outros servi\u00e7os existentes na comunidade.<\/p>\n<\/div>\n<\/div><\/div><\/div><\/div><\/div>","protected":false},"excerpt":{"rendered":"<p>A Creche \u00e9 um equipamento de natureza socioeducativa, vocacionado para o apoio \u00e0 fam\u00edlia e \u00e0 crian\u00e7a, destinado a acolher [&hellip;]<\/p>\n","protected":false},"author":1,"featured_media":0,"parent":454,"menu_order":0,"comment_status":"closed","ping_status":"closed","template":"","meta":{"footnotes":""},"class_list":["post-303","page","type-page","status-publish","hentry"],"_links":{"self":[{"href":"http:\/\/scmalcacovas.pt\/home\/wp-json\/wp\/v2\/pages\/303","targetHints":{"allow":["GET"]}}],"collection":[{"href":"http:\/\/scmalcacovas.pt\/home\/wp-json\/wp\/v2\/pages"}],"about":[{"href":"http:\/\/scmalcacovas.pt\/home\/wp-json\/wp\/v2\/types\/page"}],"author":[{"embeddable":true,"href":"http:\/\/scmalcacovas.pt\/home\/wp-json\/wp\/v2\/users\/1"}],"replies":[{"embeddable":true,"href":"http:\/\/scmalcacovas.pt\/home\/wp-json\/wp\/v2\/comments?post=303"}],"version-history":[{"count":7,"href":"http:\/\/scmalcacovas.pt\/home\/wp-json\/wp\/v2\/pages\/303\/revisions"}],"predecessor-version":[{"id":1245,"href":"http:\/\/scmalcacovas.pt\/home\/wp-json\/wp\/v2\/pages\/303\/revisions\/1245"}],"up":[{"embeddable":true,"href":"http:\/\/scmalcacovas.pt\/home\/wp-json\/wp\/v2\/pages\/454"}],"wp:attachment":[{"href":"http:\/\/scmalcacovas.pt\/home\/wp-json\/wp\/v2\/media?parent=303"}],"curies":[{"name":"wp","href":"https:\/\/api.w.org\/{rel}","templated":true}]}}