{"id":305,"date":"2018-03-12T19:53:45","date_gmt":"2018-03-12T19:53:45","guid":{"rendered":"http:\/\/scmalcacovas.pt\/home\/?page_id=305"},"modified":"2018-07-14T13:20:23","modified_gmt":"2018-07-14T13:20:23","slug":"servico-de-apoio-domiciliario","status":"publish","type":"page","link":"http:\/\/scmalcacovas.pt\/home\/respostas-sociais\/servico-de-apoio-domiciliario\/","title":{"rendered":"SAD"},"content":{"rendered":"<div id=\"pl-305\"  class=\"panel-layout\" ><div id=\"pg-305-0\"  class=\"panel-grid panel-no-style\" ><div id=\"pgc-305-0-0\"  class=\"panel-grid-cell\" ><div id=\"panel-305-0-0-0\" class=\"so-panel widget widget_sow-image panel-first-child\" data-index=\"0\" ><div class=\"panel-widget-style panel-widget-style-for-305-0-0-0\" ><div\n\t\t\t\n\t\t\tclass=\"so-widget-sow-image so-widget-sow-image-default-8b5b6f678277-305\"\n\t\t\t\n\t\t>\n<div class=\"sow-image-container\">\n\t\t<img \n\tsrc=\"http:\/\/scmalcacovas.pt\/home\/wp-content\/uploads\/2018\/07\/apoio_ao_domicilio_1.jpg\" width=\"1241\" height=\"591\" srcset=\"http:\/\/scmalcacovas.pt\/home\/wp-content\/uploads\/2018\/07\/apoio_ao_domicilio_1.jpg 1241w, http:\/\/scmalcacovas.pt\/home\/wp-content\/uploads\/2018\/07\/apoio_ao_domicilio_1-300x143.jpg 300w, http:\/\/scmalcacovas.pt\/home\/wp-content\/uploads\/2018\/07\/apoio_ao_domicilio_1-768x366.jpg 768w, http:\/\/scmalcacovas.pt\/home\/wp-content\/uploads\/2018\/07\/apoio_ao_domicilio_1-1024x488.jpg 1024w\" sizes=\"(max-width: 1241px) 100vw, 1241px\" alt=\"\" \t\tclass=\"so-widget-image\"\/>\n\t<\/div>\n\n<\/div><\/div><\/div><div id=\"panel-305-0-0-1\" class=\"so-panel widget widget_sow-editor panel-last-child\" data-index=\"1\" ><div\n\t\t\t\n\t\t\tclass=\"so-widget-sow-editor so-widget-sow-editor-base\"\n\t\t\t\n\t\t>\n<div class=\"siteorigin-widget-tinymce textwidget\">\n\t<p style=\"text-align: justify;\" align=\"JUSTIFY\">O SAD - Servi\u00e7o de Apoio Domicili\u00e1rio da Santa Casa da Miseric\u00f3rdia das Alc\u00e1\u00e7ovas \u00e9 uma resposta social que consiste na presta\u00e7\u00e3o de cuidados individualizados e personalizados no domic\u00edlio, a pessoas com idade igual ou superior a 65 anos, e com capacidade para 35 utentes. Esta resposta social procura satisfazer as necessidades b\u00e1sicas essenciais de vida e bem-estar dos utentes, melhorar a qualidade de vida dos mesmos e contribuir para retardar a sua institucionaliza\u00e7\u00e3o.<\/p>\n<p style=\"text-align: justify;\" align=\"JUSTIFY\">O servi\u00e7o de apoio domicili\u00e1rio abrange os servi\u00e7os de alimenta\u00e7\u00e3o, higiene pessoal, tratamento de roupas, limpeza habitacional. Atrav\u00e9s destes servi\u00e7os procuramos manter os utentes no seu contexto familiar, domicili\u00e1rio e comunit\u00e1rio e contribuir para a preven\u00e7\u00e3o de situa\u00e7\u00f5es de depend\u00eancia e retardamento de eventual institucionaliza\u00e7\u00e3o.<\/p>\n<\/div>\n<\/div><\/div><\/div><\/div><\/div>","protected":false},"excerpt":{"rendered":"<p>O SAD &#8211; Servi\u00e7o de Apoio Domicili\u00e1rio da Santa Casa da Miseric\u00f3rdia das Alc\u00e1\u00e7ovas \u00e9 uma resposta social que consiste [&hellip;]<\/p>\n","protected":false},"author":1,"featured_media":0,"parent":454,"menu_order":0,"comment_status":"closed","ping_status":"closed","template":"","meta":{"footnotes":""},"class_list":["post-305","page","type-page","status-publish","hentry"],"_links":{"self":[{"href":"http:\/\/scmalcacovas.pt\/home\/wp-json\/wp\/v2\/pages\/305","targetHints":{"allow":["GET"]}}],"collection":[{"href":"http:\/\/scmalcacovas.pt\/home\/wp-json\/wp\/v2\/pages"}],"about":[{"href":"http:\/\/scmalcacovas.pt\/home\/wp-json\/wp\/v2\/types\/page"}],"author":[{"embeddable":true,"href":"http:\/\/scmalcacovas.pt\/home\/wp-json\/wp\/v2\/users\/1"}],"replies":[{"embeddable":true,"href":"http:\/\/scmalcacovas.pt\/home\/wp-json\/wp\/v2\/comments?post=305"}],"version-history":[{"count":11,"href":"http:\/\/scmalcacovas.pt\/home\/wp-json\/wp\/v2\/pages\/305\/revisions"}],"predecessor-version":[{"id":1259,"href":"http:\/\/scmalcacovas.pt\/home\/wp-json\/wp\/v2\/pages\/305\/revisions\/1259"}],"up":[{"embeddable":true,"href":"http:\/\/scmalcacovas.pt\/home\/wp-json\/wp\/v2\/pages\/454"}],"wp:attachment":[{"href":"http:\/\/scmalcacovas.pt\/home\/wp-json\/wp\/v2\/media?parent=305"}],"curies":[{"name":"wp","href":"https:\/\/api.w.org\/{rel}","templated":true}]}}