{"id":934,"date":"2018-05-17T18:20:26","date_gmt":"2018-05-17T18:20:26","guid":{"rendered":"http:\/\/scmalcacovas.pt\/home\/?page_id=934"},"modified":"2018-07-01T19:15:25","modified_gmt":"2018-07-01T19:15:25","slug":"outros-servicos","status":"publish","type":"page","link":"http:\/\/scmalcacovas.pt\/home\/outros-servicos\/","title":{"rendered":"Outros Servi\u00e7os"},"content":{"rendered":"<ul>\n<li>anima\u00e7\u00e3o<\/li>\n<li>Horta da irmandade<\/li>\n<li>sa\u00fade\n<ul>\n<li>fisioterapia<\/li>\n<li>terapia ocupacional<\/li>\n<\/ul>\n<\/li>\n<li>servi\u00e7o religioso<\/li>\n<\/ul>\n","protected":false},"excerpt":{"rendered":"<p>anima\u00e7\u00e3o Horta da irmandade sa\u00fade fisioterapia terapia ocupacional servi\u00e7o religioso<\/p>\n","protected":false},"author":4,"featured_media":0,"parent":0,"menu_order":0,"comment_status":"closed","ping_status":"closed","template":"","meta":{"footnotes":""},"class_list":["post-934","page","type-page","status-publish","hentry"],"_links":{"self":[{"href":"http:\/\/scmalcacovas.pt\/home\/wp-json\/wp\/v2\/pages\/934","targetHints":{"allow":["GET"]}}],"collection":[{"href":"http:\/\/scmalcacovas.pt\/home\/wp-json\/wp\/v2\/pages"}],"about":[{"href":"http:\/\/scmalcacovas.pt\/home\/wp-json\/wp\/v2\/types\/page"}],"author":[{"embeddable":true,"href":"http:\/\/scmalcacovas.pt\/home\/wp-json\/wp\/v2\/users\/4"}],"replies":[{"embeddable":true,"href":"http:\/\/scmalcacovas.pt\/home\/wp-json\/wp\/v2\/comments?post=934"}],"version-history":[{"count":4,"href":"http:\/\/scmalcacovas.pt\/home\/wp-json\/wp\/v2\/pages\/934\/revisions"}],"predecessor-version":[{"id":940,"href":"http:\/\/scmalcacovas.pt\/home\/wp-json\/wp\/v2\/pages\/934\/revisions\/940"}],"wp:attachment":[{"href":"http:\/\/scmalcacovas.pt\/home\/wp-json\/wp\/v2\/media?parent=934"}],"curies":[{"name":"wp","href":"https:\/\/api.w.org\/{rel}","templated":true}]}}